{"id":39,"date":"2025-03-18T10:15:47","date_gmt":"2025-03-18T09:15:47","guid":{"rendered":"http:\/\/www.phs55.lautre.net\/siteperso\/?page_id=39"},"modified":"2025-03-18T10:15:47","modified_gmt":"2025-03-18T09:15:47","slug":"ophelia","status":"publish","type":"page","link":"http:\/\/www.phs55.lautre.net\/siteperso\/ophelia\/","title":{"rendered":"Ophelia"},"content":{"rendered":"<p><a href=\"http:\/\/www.phs55.lautre.net\/siteperso\/wp-content\/uploads\/2025\/03\/Ophelia01.jpeg\"><img loading=\"lazy\" decoding=\"async\" class=\"wp-image-22 aligncenter\" src=\"http:\/\/www.phs55.lautre.net\/siteperso\/wp-content\/uploads\/2025\/03\/Ophelia01-300x184.jpeg\" alt=\"Ophelia01\" width=\"500\" height=\"306\" srcset=\"http:\/\/www.phs55.lautre.net\/siteperso\/wp-content\/uploads\/2025\/03\/Ophelia01-300x184.jpeg 300w, http:\/\/www.phs55.lautre.net\/siteperso\/wp-content\/uploads\/2025\/03\/Ophelia01.jpeg 800w\" sizes=\"auto, (max-width: 500px) 100vw, 500px\" \/><\/a>Oph\u00e9lie (Ophelia dans la version originale) est un personnage de la trag\u00e9die Hamlet du dramaturge anglais William Shakespeare. Elle est une jeune noble du Danemark, fille de Polonius, s\u0153ur de La\u00ebrte et future \u00e9pouse du prince Hamlet dont les actes la conduisent \u00e0 la folie puis \u00e0 la mort par noyade.<\/p>\n<p>&#8230; une h\u00e9ro\u00efne romantique en pleines m\u0153urs moyen\u00e2geuses&#8230;<\/p>\n<p>Un po\u00e8me de Rimbaud<br \/>\nI<\/p>\n<p>Sur l\u2019onde calme et noire o\u00f9 dorment les \u00e9toiles<br \/>\nLa blanche Oph\u00e9lia flotte comme un grand lys,<br \/>\nFlotte tr\u00e8s lentement, couch\u00e9e en ses longs voiles\u2026<br \/>\n\u2013 On entend dans les bois lointains des hallalis.<\/p>\n<p>Voici plus de mille ans que la triste Oph\u00e9lie<br \/>\nPasse, fant\u00f4me blanc, sur le long fleuve noir;<br \/>\nVoici plus de mille ans que sa douce folie<br \/>\nMurmure sa romance \u00e0 la brise du soir.<\/p>\n<p>Le vent baise ses seins et d\u00e9ploie en corolle<br \/>\nSes grands voiles berc\u00e9s mollement par les eaux;<br \/>\nLes saules frissonnants pleurent sur son \u00e9paule,<br \/>\nSur son grand front r\u00eaveur s\u2019inclinent les roseaux.<\/p>\n<p>Les n\u00e9nuphars froiss\u00e9s soupirent autour d\u2019elle;<br \/>\nElle \u00e9veille parfois, dans un aune qui dort,<br \/>\nQuelque nid, d\u2019o\u00f9 s\u2019\u00e9chappe un petit frisson d\u2019aile :<br \/>\n\u2013 Un chant myst\u00e9rieux tombe des astres d\u2019or.<\/p>\n<p>II<\/p>\n<p>\u00d4 p\u00e2le Oph\u00e9lia ! belle comme la neige !<br \/>\nOui tu mourus, enfant, par un fleuve emport\u00e9!<br \/>\n\u2013 C\u2019est que les vents tombant des grands monts de Norw\u00e8ge<br \/>\nT\u2019avaient parl\u00e9 tout bas de l\u2019\u00e2pre libert\u00e9;<\/p>\n<p>C\u2019est qu\u2019un souffle, tordant ta grande chevelure,<br \/>\nA ton esprit r\u00eaveur portait d\u2019\u00e9tranges bruits;<br \/>\nQue ton c\u0153ur \u00e9coutait le chant de la Nature<br \/>\nDans les plaintes de l\u2019arbre et les soupirs des nuits;<\/p>\n<p>C\u2019est que la voix des mers folles, immense r\u00e2le,<br \/>\nBrisait ton sein d\u2019enfant, trop humain et trop doux ;<br \/>\nC\u2019est qu\u2019un matin d\u2019avril, un beau cavalier p\u00e2le,<br \/>\nUn pauvre fou, s\u2019assit muet \u00e0 tes genoux !<\/p>\n<p>Ciel! Amour! Libert\u00e9! Quel r\u00eave, \u00f4 pauvre folle !<br \/>\nTu te fondais \u00e0 lui comme une neige au feu :<br \/>\nTes grandes visions \u00e9tranglaient ta parole<br \/>\n\u2013 Et l\u2019infini terrible effara ton oeil bleu !<\/p>\n<p>III<\/p>\n<p>\u2013 Et le po\u00e8te dit qu\u2019aux rayons des \u00e9toiles<br \/>\nTu viens chercher, la nuit, les fleurs que tu cueillis,<br \/>\nEt qu\u2019il a vu sur l\u2019eau, couch\u00e9e en ses longs voiles,<br \/>\nLa blanche Oph\u00e9lia flotter, comme un grand lys.<\/p>\n<p>Arthur Rimbaud, Recueil de Douai<\/p>\n","protected":false},"excerpt":{"rendered":"<p>Oph\u00e9lie (Ophelia dans la version originale) est un personnage de la trag\u00e9die Hamlet du dramaturge anglais William Shakespeare. Elle est une jeune noble du Danemark, fille de Polonius, s\u0153ur de La\u00ebrte et future \u00e9pouse du prince Hamlet dont les actes la conduisent \u00e0 la folie puis \u00e0 la mort par noyade. &#8230; une h\u00e9ro\u00efne romantique [&hellip;]<\/p>\n","protected":false},"author":1,"featured_media":0,"parent":0,"menu_order":0,"comment_status":"closed","ping_status":"closed","template":"","meta":{"footnotes":""},"class_list":["post-39","page","type-page","status-publish","hentry"],"_links":{"self":[{"href":"http:\/\/www.phs55.lautre.net\/siteperso\/wp-json\/wp\/v2\/pages\/39","targetHints":{"allow":["GET"]}}],"collection":[{"href":"http:\/\/www.phs55.lautre.net\/siteperso\/wp-json\/wp\/v2\/pages"}],"about":[{"href":"http:\/\/www.phs55.lautre.net\/siteperso\/wp-json\/wp\/v2\/types\/page"}],"author":[{"embeddable":true,"href":"http:\/\/www.phs55.lautre.net\/siteperso\/wp-json\/wp\/v2\/users\/1"}],"replies":[{"embeddable":true,"href":"http:\/\/www.phs55.lautre.net\/siteperso\/wp-json\/wp\/v2\/comments?post=39"}],"version-history":[{"count":3,"href":"http:\/\/www.phs55.lautre.net\/siteperso\/wp-json\/wp\/v2\/pages\/39\/revisions"}],"predecessor-version":[{"id":214,"href":"http:\/\/www.phs55.lautre.net\/siteperso\/wp-json\/wp\/v2\/pages\/39\/revisions\/214"}],"wp:attachment":[{"href":"http:\/\/www.phs55.lautre.net\/siteperso\/wp-json\/wp\/v2\/media?parent=39"}],"curies":[{"name":"wp","href":"https:\/\/api.w.org\/{rel}","templated":true}]}}